{"id":639,"date":"2024-06-03T22:22:39","date_gmt":"2024-06-03T21:22:39","guid":{"rendered":"https:\/\/heimat-kyffhaeuserkreis.de\/?page_id=639"},"modified":"2024-06-03T22:22:39","modified_gmt":"2024-06-03T21:22:39","slug":"unsere-kommunalpolitiker-im-stadtrat-von-sondershausen","status":"publish","type":"page","link":"https:\/\/heimat-kyffhaeuserkreis.de\/index.php\/unsere-kommunalpolitiker-im-stadtrat-von-sondershausen\/","title":{"rendered":"Unsere Kommunalpolitiker im Stadtrat von Sondershausen"},"content":{"rendered":"<p><div class=\"fusion-fullwidth fullwidth-box fusion-builder-row-1 fusion-flex-container has-pattern-background has-mask-background nonhundred-percent-fullwidth non-hundred-percent-height-scrolling\" style=\"--awb-border-radius-top-left:0px;--awb-border-radius-top-right:0px;--awb-border-radius-bottom-right:0px;--awb-border-radius-bottom-left:0px;--awb-flex-wrap:wrap;\" ><div class=\"fusion-builder-row fusion-row fusion-flex-align-items-flex-start fusion-flex-content-wrap\" style=\"max-width:1248px;margin-left: calc(-4% \/ 2 );margin-right: calc(-4% \/ 2 );\"><div class=\"fusion-layout-column fusion_builder_column fusion-builder-column-0 fusion_builder_column_1_3 1_3 fusion-flex-column\" style=\"--awb-bg-size:cover;--awb-width-large:33.333333333333%;--awb-margin-top-large:0px;--awb-spacing-right-large:5.76%;--awb-margin-bottom-large:20px;--awb-spacing-left-large:5.76%;--awb-width-medium:33.333333333333%;--awb-order-medium:0;--awb-spacing-right-medium:5.76%;--awb-spacing-left-medium:5.76%;--awb-width-small:100%;--awb-order-small:0;--awb-spacing-right-small:1.92%;--awb-spacing-left-small:1.92%;\"><div class=\"fusion-column-wrapper fusion-column-has-shadow fusion-flex-justify-content-flex-start fusion-content-layout-column\"><div class=\"fusion-image-element \" style=\"--awb-mask-url: url(https:\/\/heimat-kyffhaeuserkreis.de\/wp-content\/plugins\/fusion-builder\/\/assets\/images\/masks\/mask-17.svg);--awb-margin-right:15%;--awb-margin-left:15%;--awb-caption-title-font-family:var(--h2_typography-font-family);--awb-caption-title-font-weight:var(--h2_typography-font-weight);--awb-caption-title-font-style:var(--h2_typography-font-style);--awb-caption-title-size:var(--h2_typography-font-size);--awb-caption-title-transform:var(--h2_typography-text-transform);--awb-caption-title-line-height:var(--h2_typography-line-height);--awb-caption-title-letter-spacing:var(--h2_typography-letter-spacing);\"><span class=\" fusion-imageframe imageframe-none imageframe-1 hover-type-zoomin has-mask\"><img decoding=\"async\" width=\"400\" height=\"344\" title=\"Weber-400&#215;344\" src=\"https:\/\/heimat-kyffhaeuserkreis.de\/wp-content\/uploads\/2024\/03\/Weber-400x344-1.jpg\" alt class=\"img-responsive wp-image-293\" srcset=\"https:\/\/heimat-kyffhaeuserkreis.de\/wp-content\/uploads\/2024\/03\/Weber-400x344-1-200x172.jpg 200w, https:\/\/heimat-kyffhaeuserkreis.de\/wp-content\/uploads\/2024\/03\/Weber-400x344-1.jpg 400w\" sizes=\"(max-width: 640px) 100vw, 400px\" \/><\/span><\/div><\/div><\/div><div class=\"fusion-layout-column fusion_builder_column fusion-builder-column-1 fusion_builder_column_2_3 2_3 fusion-flex-column\" style=\"--awb-bg-size:cover;--awb-width-large:66.666666666667%;--awb-margin-top-large:0px;--awb-spacing-right-large:2.88%;--awb-margin-bottom-large:20px;--awb-spacing-left-large:2.88%;--awb-width-medium:66.666666666667%;--awb-order-medium:0;--awb-spacing-right-medium:2.88%;--awb-spacing-left-medium:2.88%;--awb-width-small:100%;--awb-order-small:0;--awb-spacing-right-small:1.92%;--awb-spacing-left-small:1.92%;\"><div class=\"fusion-column-wrapper fusion-column-has-shadow fusion-flex-justify-content-flex-start fusion-content-layout-column\"><div class=\"fusion-title title fusion-title-1 fusion-title-text fusion-title-size-one\"><div class=\"title-sep-container title-sep-container-left fusion-no-large-visibility fusion-no-medium-visibility fusion-no-small-visibility\"><div class=\"title-sep sep-double sep-solid\" style=\"border-color:#e2e2e2;\"><\/div><\/div><span class=\"awb-title-spacer fusion-no-large-visibility fusion-no-medium-visibility fusion-no-small-visibility\"><\/span><h1 class=\"fusion-title-heading title-heading-left\" style=\"margin:0;\">PATRICK WEBER<\/h1><span class=\"awb-title-spacer\"><\/span><div class=\"title-sep-container title-sep-container-right\"><div class=\"title-sep sep-double sep-solid\" style=\"border-color:#e2e2e2;\"><\/div><\/div><\/div><div class=\"fusion-text fusion-text-1\"><p>Unternehmer | Jahrgang 1983 | Sondershausen<\/p>\n<p>Patrick Weber ist seit 2005 als Unternehmer t\u00e4tig, befindet sich in einer festen Lebenspartnerschaft und hat zwei S\u00f6hne. Er ist bereits seit seinem vierzehnten Lebensjahr politisch aktiv. Mitglied der HEIMAT ist der geb\u00fcrtige Sondersh\u00e4user seit dem Jahr 2001 und neben seiner Funktion als Kreisvorsitzender ist er Landesschatzmeister in Th\u00fcringen.<\/p>\n<p>Seit 2009 ist Weber Mitglied des Kreistages im Kyffh\u00e4userkreis sowie im Stadtrat von Sondershausen und dort auch im Wirtschaftsausschuss t\u00e4tig. Er war Herausgeber der Zeitung \u201cDer Nordth\u00fcringen Bote\u201d.<\/p>\n<p>Weber m\u00f6chte sich vor allem f\u00fcr einen familienfreundliche Stadt und f\u00fcr den Wiederausbau der Infrastruktur in unserem l\u00e4ndlich gepr\u00e4gten Raum einsetzen. Dar\u00fcber hinaus setzt er sich f\u00fcr die St\u00e4rkung der regionalen Wirtschaft ein und m\u00f6chte langfristig dazu beitragen, dass unser Landkreis auch f\u00fcr neue Betriebe interessant wird um diese hier anzusiedeln. Au\u00dferdem m\u00f6chte er sich gegen die weitere Aufnahme von Asylbewerbern wehren um westdeutsche Verh\u00e4ltnisse zu verhindern! Damit hier nicht auch irgendwann Zust\u00e4nde wie in vielen Westdeutschen Gebieten herrschen, lautet hierbei sein Motto: \u201cWehret den Anf\u00e4ngen!\u201d Was unseren Einwohnern in den letzten Jahren, vor allem in Sondershausen und Schernberg, zugemutet wurde, muss endlich gestoppt werden.<\/p>\n<p>F\u00fcr Fragen steht Ihnen Patrick Weber unter den nachfolgenden Kontaktm\u00f6glichkeiten jederzeit gerne zur Verf\u00fcgung.<\/p>\n<p>Kontakt:\u00a0<a href=\"mailto:info@heimat-kyffhaeuserkreis.de\">info@heimat-kyffhaeuserkreis.de<\/a>\u00a0oder 0173 77 02 195<br \/>\nFacebook:\u00a0<a href=\"https:\/\/www.facebook.com\/Patrick.Weber.SDH\" target=\"_blank\" rel=\"noopener\">www.facebook.com\/Patrick.Weber.SDH<\/a><\/p>\n<\/div><\/div><\/div><\/div><\/div><div class=\"fusion-fullwidth fullwidth-box fusion-builder-row-2 fusion-flex-container has-pattern-background has-mask-background nonhundred-percent-fullwidth non-hundred-percent-height-scrolling\" style=\"--awb-border-radius-top-left:0px;--awb-border-radius-top-right:0px;--awb-border-radius-bottom-right:0px;--awb-border-radius-bottom-left:0px;--awb-flex-wrap:wrap;\" ><div class=\"fusion-builder-row fusion-row fusion-flex-align-items-flex-start fusion-flex-content-wrap\" style=\"max-width:1248px;margin-left: calc(-4% \/ 2 );margin-right: calc(-4% \/ 2 );\"><div class=\"fusion-layout-column fusion_builder_column fusion-builder-column-2 fusion_builder_column_1_3 1_3 fusion-flex-column\" style=\"--awb-bg-size:cover;--awb-width-large:33.333333333333%;--awb-margin-top-large:0px;--awb-spacing-right-large:5.76%;--awb-margin-bottom-large:20px;--awb-spacing-left-large:5.76%;--awb-width-medium:33.333333333333%;--awb-order-medium:0;--awb-spacing-right-medium:5.76%;--awb-spacing-left-medium:5.76%;--awb-width-small:100%;--awb-order-small:0;--awb-spacing-right-small:1.92%;--awb-spacing-left-small:1.92%;\"><div class=\"fusion-column-wrapper fusion-column-has-shadow fusion-flex-justify-content-flex-start fusion-content-layout-column\"><div class=\"fusion-image-element \" style=\"--awb-mask-url: url(https:\/\/heimat-kyffhaeuserkreis.de\/wp-content\/plugins\/fusion-builder\/\/assets\/images\/masks\/mask-17.svg);--awb-margin-right:15%;--awb-margin-left:15%;--awb-caption-title-font-family:var(--h2_typography-font-family);--awb-caption-title-font-weight:var(--h2_typography-font-weight);--awb-caption-title-font-style:var(--h2_typography-font-style);--awb-caption-title-size:var(--h2_typography-font-size);--awb-caption-title-transform:var(--h2_typography-text-transform);--awb-caption-title-line-height:var(--h2_typography-line-height);--awb-caption-title-letter-spacing:var(--h2_typography-letter-spacing);\"><span class=\" fusion-imageframe imageframe-none imageframe-2 hover-type-zoomin has-mask\"><img decoding=\"async\" width=\"400\" height=\"344\" title=\"Patek-400&#215;344\" src=\"https:\/\/heimat-kyffhaeuserkreis.de\/wp-content\/uploads\/2024\/03\/Patek-400x344-1.jpg\" alt class=\"img-responsive wp-image-355\" srcset=\"https:\/\/heimat-kyffhaeuserkreis.de\/wp-content\/uploads\/2024\/03\/Patek-400x344-1-200x172.jpg 200w, https:\/\/heimat-kyffhaeuserkreis.de\/wp-content\/uploads\/2024\/03\/Patek-400x344-1.jpg 400w\" sizes=\"(max-width: 640px) 100vw, 400px\" \/><\/span><\/div><\/div><\/div><div class=\"fusion-layout-column fusion_builder_column fusion-builder-column-3 fusion_builder_column_2_3 2_3 fusion-flex-column\" style=\"--awb-bg-size:cover;--awb-width-large:66.666666666667%;--awb-margin-top-large:0px;--awb-spacing-right-large:2.88%;--awb-margin-bottom-large:20px;--awb-spacing-left-large:2.88%;--awb-width-medium:66.666666666667%;--awb-order-medium:0;--awb-spacing-right-medium:2.88%;--awb-spacing-left-medium:2.88%;--awb-width-small:100%;--awb-order-small:0;--awb-spacing-right-small:1.92%;--awb-spacing-left-small:1.92%;\"><div class=\"fusion-column-wrapper fusion-column-has-shadow fusion-flex-justify-content-flex-start fusion-content-layout-column\"><div class=\"fusion-title title fusion-title-2 fusion-title-text fusion-title-size-one\"><div class=\"title-sep-container title-sep-container-left fusion-no-large-visibility fusion-no-medium-visibility fusion-no-small-visibility\"><div class=\"title-sep sep-double sep-solid\" style=\"border-color:#e2e2e2;\"><\/div><\/div><span class=\"awb-title-spacer fusion-no-large-visibility fusion-no-medium-visibility fusion-no-small-visibility\"><\/span><h1 class=\"fusion-title-heading title-heading-left\" style=\"margin:0;\">BJ\u00d6RN PATEK<\/h1><span class=\"awb-title-spacer\"><\/span><div class=\"title-sep-container title-sep-container-right\"><div class=\"title-sep sep-double sep-solid\" style=\"border-color:#e2e2e2;\"><\/div><\/div><\/div><div class=\"fusion-text fusion-text-2\"><p>Dipl.-Ing.-\u00d6k | Jahrgang 1955 | Sondershausen<\/p>\n<p>Bj\u00f6rn Patek ist parteilos und steht f\u00fcr eine Politik der Wahrheit und der Menschlichkeit. Er m\u00f6chte, dass unser Land die allgegenw\u00e4rtige Ignoranz \u00fcberwindet und Dinge wie das Gendern auf dem M\u00fcllhaufen der Geschichte abgelegt werden. Er steht f\u00fcr einen klaren Kurs in der Asylpolitik, der unser Land nicht im Multikulti-Chaos versinken l\u00e4sst und m\u00f6chte unserem Volk wieder einen souver\u00e4nen Staat erm\u00f6glichen.<\/p>\n<\/div><\/div><\/div><\/div><\/div><\/p>\n","protected":false},"excerpt":{"rendered":"","protected":false},"author":3,"featured_media":0,"parent":0,"menu_order":0,"comment_status":"closed","ping_status":"closed","template":"","meta":{"footnotes":""},"class_list":["post-639","page","type-page","status-publish","hentry"],"_links":{"self":[{"href":"https:\/\/heimat-kyffhaeuserkreis.de\/index.php\/wp-json\/wp\/v2\/pages\/639","targetHints":{"allow":["GET"]}}],"collection":[{"href":"https:\/\/heimat-kyffhaeuserkreis.de\/index.php\/wp-json\/wp\/v2\/pages"}],"about":[{"href":"https:\/\/heimat-kyffhaeuserkreis.de\/index.php\/wp-json\/wp\/v2\/types\/page"}],"author":[{"embeddable":true,"href":"https:\/\/heimat-kyffhaeuserkreis.de\/index.php\/wp-json\/wp\/v2\/users\/3"}],"replies":[{"embeddable":true,"href":"https:\/\/heimat-kyffhaeuserkreis.de\/index.php\/wp-json\/wp\/v2\/comments?post=639"}],"version-history":[{"count":1,"href":"https:\/\/heimat-kyffhaeuserkreis.de\/index.php\/wp-json\/wp\/v2\/pages\/639\/revisions"}],"predecessor-version":[{"id":640,"href":"https:\/\/heimat-kyffhaeuserkreis.de\/index.php\/wp-json\/wp\/v2\/pages\/639\/revisions\/640"}],"wp:attachment":[{"href":"https:\/\/heimat-kyffhaeuserkreis.de\/index.php\/wp-json\/wp\/v2\/media?parent=639"}],"curies":[{"name":"wp","href":"https:\/\/api.w.org\/{rel}","templated":true}]}}