{"id":599,"date":"2024-05-23T23:29:13","date_gmt":"2024-05-23T22:29:13","guid":{"rendered":"https:\/\/heimat-kyffhaeuserkreis.de\/?page_id=599"},"modified":"2024-05-23T23:29:13","modified_gmt":"2024-05-23T22:29:13","slug":"ueber-uns","status":"publish","type":"page","link":"https:\/\/heimat-kyffhaeuserkreis.de\/index.php\/ueber-uns\/","title":{"rendered":"\u00dcber uns"},"content":{"rendered":"<p><strong>Wir sind anders!<\/strong><\/p>\n<p>DIE HEIMAT ist keine Partei wie alle anderen. Wir verstehen uns als Gemeinschaft und Sammlungsbewegung engagierter Deutscher, die etwas in unserem Land ver\u00e4ndern wollen.<\/p>\n<p>Wir wollen den anderen Parteien klarmachen, da\u00df sie die Demokratie nicht f\u00fcr sich gepachtet haben. Wir wollen uns am politischen Leben beteiligen, weil wir den Altparteien Deutschland nicht zur Auspl\u00fcnderung \u00fcberlassen wollen. Und: Wir wollen wieder Gerechtigkeit und Solidarit\u00e4t in unserem Land.<\/p>\n<p>Nach unserem Verst\u00e4ndnis geh\u00f6rt zu einer besseren Politik auch ein besseres Weltbild, ein ganzheitliches Konzept, wie unsere Gesellschaft aussehen soll. Wir akzeptieren nicht, da\u00df Deutschland nur noch ein seelenloser \u201eStandort\u201c in einer globalisierten Welt und seine B\u00fcrger nur noch beliebig verschiebbare Arbeitskr\u00e4fte in einem System weltweiter Wirtschafts- und Dienstleistungsstr\u00f6me sein sollen.<\/p>\n<p><strong>Deutschland ver\u00e4ndern \u2013 jetzt!<\/strong><\/p>\n<p>Die etablierten Versagerparteien merken, da\u00df ihnen mehr und mehr die Felle davonschwimmen. Denn immer mehr Deutsche erkennen, da\u00df sie in der globalisierten Welt ohne Grenzen und soziale Sicherheit die Verliererkarte gezogen haben \u2013 Genau deswegen braucht es eine Sammlungsbewegung wie DIE HEIMAT, die nicht einfach nur eine Partei ist. Dennoch versuchen Beh\u00f6rden und Justiz, uns das Leben mit allen Mitteln schwerzumachen \u2013 etwa durch Entzug von Geldern und andere Schikanen.<\/p>\n<p>Aber: Unser gr\u00f6\u00dfter Trumpf ist die Solidarit\u00e4t \u2013 der in langen Jahren bew\u00e4hrte innere Zusammenhalt unserer Gemeinschaft. Jeder Schlag hat uns bislang nur st\u00e4rker gemacht.<\/p>\n<p><strong>Wir sind das Volk!<\/strong><\/p>\n<p>Tatsache ist: DIE HEIMAT ist mittlerweile in vielen Kommunalparlamenten vertreten und konnte in der Vergangenheit immer wieder ihre bundesweite Kampagnenf\u00e4higkeit unter Beweis stellen. Wir sind heute auf dem besten Wege, die politisch bewu\u00dften Kr\u00e4fte in unserem Land zu b\u00fcndeln und eine wirkungsvolle, moderne Volksbewegung gegen die etablierten Versagerparteien zu formen.<\/p>\n<p>Seien Sie versichert: So lange es DIE HEIMAT gibt, wird sie sich der Aufl\u00f6sung unseres Volkes und dem Ausverkauf seiner Lebensinteressen widersetzen. Wir werden es nicht zulassen, da\u00df unser Land vor die Hunde geht und unsere Geschichte zu einem Verbrecheralbum umgelogen wird. Und: Wir haben das, was den Altparteien seit langem fehlt: Verantwortungsbewu\u00dftsein, Mut und Sachverstand.<\/p>\n<p>Die Zeit ist \u00fcberreif f\u00fcr den Wechsel. Deshalb: Reihen auch Sie sich jetzt ein in unsere Gemeinschaft. Deutschland braucht uns.<\/p>\n","protected":false},"excerpt":{"rendered":"<p>Wir sind anders! DIE HEIMAT ist keine Partei wie alle anderen. Wir verstehen uns als Gemeinschaft und Sammlungsbewegung engagierter Deutscher, die etwas in unserem Land ver\u00e4ndern wollen. Wir wollen den anderen Parteien klarmachen, da\u00df sie die Demokratie nicht f\u00fcr sich gepachtet haben. Wir wollen uns am politischen Leben beteiligen, weil wir den Altparteien Deutschland  [&#8230;]<\/p>\n","protected":false},"author":3,"featured_media":0,"parent":0,"menu_order":0,"comment_status":"closed","ping_status":"closed","template":"","meta":{"footnotes":""},"class_list":["post-599","page","type-page","status-publish","hentry"],"_links":{"self":[{"href":"https:\/\/heimat-kyffhaeuserkreis.de\/index.php\/wp-json\/wp\/v2\/pages\/599","targetHints":{"allow":["GET"]}}],"collection":[{"href":"https:\/\/heimat-kyffhaeuserkreis.de\/index.php\/wp-json\/wp\/v2\/pages"}],"about":[{"href":"https:\/\/heimat-kyffhaeuserkreis.de\/index.php\/wp-json\/wp\/v2\/types\/page"}],"author":[{"embeddable":true,"href":"https:\/\/heimat-kyffhaeuserkreis.de\/index.php\/wp-json\/wp\/v2\/users\/3"}],"replies":[{"embeddable":true,"href":"https:\/\/heimat-kyffhaeuserkreis.de\/index.php\/wp-json\/wp\/v2\/comments?post=599"}],"version-history":[{"count":1,"href":"https:\/\/heimat-kyffhaeuserkreis.de\/index.php\/wp-json\/wp\/v2\/pages\/599\/revisions"}],"predecessor-version":[{"id":600,"href":"https:\/\/heimat-kyffhaeuserkreis.de\/index.php\/wp-json\/wp\/v2\/pages\/599\/revisions\/600"}],"wp:attachment":[{"href":"https:\/\/heimat-kyffhaeuserkreis.de\/index.php\/wp-json\/wp\/v2\/media?parent=599"}],"curies":[{"name":"wp","href":"https:\/\/api.w.org\/{rel}","templated":true}]}}