{"id":394,"date":"2024-04-23T00:41:29","date_gmt":"2024-04-22T23:41:29","guid":{"rendered":"https:\/\/heimat-kyffhaeuserkreis.de\/?page_id=394"},"modified":"2024-04-23T00:41:29","modified_gmt":"2024-04-22T23:41:29","slug":"startseite","status":"publish","type":"page","link":"https:\/\/heimat-kyffhaeuserkreis.de\/","title":{"rendered":"Startseite"},"content":{"rendered":"<div class=\"fusion-fullwidth fullwidth-box fusion-builder-row-1 fusion-flex-container has-pattern-background has-mask-background nonhundred-percent-fullwidth non-hundred-percent-height-scrolling\" style=\"--awb-border-radius-top-left:0px;--awb-border-radius-top-right:0px;--awb-border-radius-bottom-right:0px;--awb-border-radius-bottom-left:0px;--awb-flex-wrap:wrap;\" ><div class=\"fusion-builder-row fusion-row fusion-flex-align-items-flex-start fusion-flex-content-wrap\" style=\"max-width:1248px;margin-left: calc(-4% \/ 2 );margin-right: calc(-4% \/ 2 );\"><div class=\"fusion-layout-column fusion_builder_column fusion-builder-column-0 fusion_builder_column_1_1 1_1 fusion-flex-column\" style=\"--awb-bg-size:cover;--awb-width-large:100%;--awb-margin-top-large:0px;--awb-spacing-right-large:1.92%;--awb-margin-bottom-large:20px;--awb-spacing-left-large:1.92%;--awb-width-medium:100%;--awb-order-medium:0;--awb-spacing-right-medium:1.92%;--awb-spacing-left-medium:1.92%;--awb-width-small:100%;--awb-order-small:0;--awb-spacing-right-small:1.92%;--awb-spacing-left-small:1.92%;\"><div class=\"fusion-column-wrapper fusion-column-has-shadow fusion-flex-justify-content-flex-start fusion-content-layout-column\"><script type=\"text\/javascript\">jQuery(function() { _initLayerSlider( '#layerslider_1_1lqngfq8e72m8', {createdWith: '7.9.11', sliderVersion: '7.9.11', skin: 'v6', hoverBottomNav: true, useSrcset: true, skinsPath: 'https:\/\/heimat-kyffhaeuserkreis.de\/wp-content\/plugins\/LayerSlider\/assets\/static\/layerslider\/skins\/', performanceMode: true}); });<\/script><div id=\"layerslider_1_1lqngfq8e72m8\"  class=\"ls-wp-container fitvidsignore ls-selectable\" style=\"width:1280px;height:400px;margin:0 auto;\"><div class=\"ls-slide\" data-ls=\"duration:4000;transition2d:12;transitionduration:4000;timeshift:4000;\"><img decoding=\"async\" width=\"1280\" height=\"400\" src=\"https:\/\/heimat-kyffhaeuserkreis.de\/wp-content\/uploads\/2024\/04\/ls-project-1-slide-1-2.jpg\" class=\"ls-tn\" alt=\"\" srcset=\"https:\/\/heimat-kyffhaeuserkreis.de\/wp-content\/uploads\/2024\/04\/ls-project-1-slide-1-2-200x63.jpg 200w, https:\/\/heimat-kyffhaeuserkreis.de\/wp-content\/uploads\/2024\/04\/ls-project-1-slide-1-2-300x94.jpg 300w, https:\/\/heimat-kyffhaeuserkreis.de\/wp-content\/uploads\/2024\/04\/ls-project-1-slide-1-2-400x125.jpg 400w, https:\/\/heimat-kyffhaeuserkreis.de\/wp-content\/uploads\/2024\/04\/ls-project-1-slide-1-2-600x188.jpg 600w, https:\/\/heimat-kyffhaeuserkreis.de\/wp-content\/uploads\/2024\/04\/ls-project-1-slide-1-2-768x240.jpg 768w, https:\/\/heimat-kyffhaeuserkreis.de\/wp-content\/uploads\/2024\/04\/ls-project-1-slide-1-2-800x250.jpg 800w, https:\/\/heimat-kyffhaeuserkreis.de\/wp-content\/uploads\/2024\/04\/ls-project-1-slide-1-2-1024x320.jpg 1024w, https:\/\/heimat-kyffhaeuserkreis.de\/wp-content\/uploads\/2024\/04\/ls-project-1-slide-1-2-1200x375.jpg 1200w, https:\/\/heimat-kyffhaeuserkreis.de\/wp-content\/uploads\/2024\/04\/ls-project-1-slide-1-2.jpg 1280w\" sizes=\"(max-width: 1280px) 100vw, 1280px\" \/><a style=\"\" class=\"ls-l\" href=\"https:\/\/heimat-kyffhaeuserkreis.de\/index.php\/wer-wir-sind\/mitmachen\/\" target=\"_blank\"><img decoding=\"async\" width=\"1280\" height=\"400\" src=\"https:\/\/heimat-kyffhaeuserkreis.de\/wp-content\/uploads\/2024\/06\/slider-mitgliedwerden.jpg\" class=\"ls-img-layer\" alt=\"\" srcset=\"https:\/\/heimat-kyffhaeuserkreis.de\/wp-content\/uploads\/2024\/06\/slider-mitgliedwerden-200x63.jpg 200w, https:\/\/heimat-kyffhaeuserkreis.de\/wp-content\/uploads\/2024\/06\/slider-mitgliedwerden-300x94.jpg 300w, https:\/\/heimat-kyffhaeuserkreis.de\/wp-content\/uploads\/2024\/06\/slider-mitgliedwerden-400x125.jpg 400w, https:\/\/heimat-kyffhaeuserkreis.de\/wp-content\/uploads\/2024\/06\/slider-mitgliedwerden-600x188.jpg 600w, https:\/\/heimat-kyffhaeuserkreis.de\/wp-content\/uploads\/2024\/06\/slider-mitgliedwerden-768x240.jpg 768w, https:\/\/heimat-kyffhaeuserkreis.de\/wp-content\/uploads\/2024\/06\/slider-mitgliedwerden-800x250.jpg 800w, https:\/\/heimat-kyffhaeuserkreis.de\/wp-content\/uploads\/2024\/06\/slider-mitgliedwerden-1024x320.jpg 1024w, https:\/\/heimat-kyffhaeuserkreis.de\/wp-content\/uploads\/2024\/06\/slider-mitgliedwerden-1200x375.jpg 1200w, https:\/\/heimat-kyffhaeuserkreis.de\/wp-content\/uploads\/2024\/06\/slider-mitgliedwerden.jpg 1280w\" sizes=\"(max-width: 1280px) 100vw, 1280px\" style=\"width:1280px;height:400px;top:0px;left:0px;\"><\/a><\/div><\/div><div class=\"fusion-title title fusion-title-1 fusion-title-text fusion-title-size-three\"><div class=\"title-sep-container title-sep-container-left fusion-no-large-visibility fusion-no-medium-visibility fusion-no-small-visibility\"><div class=\"title-sep sep-double sep-solid\" style=\"border-color:#e2e2e2;\"><\/div><\/div><span class=\"awb-title-spacer fusion-no-large-visibility fusion-no-medium-visibility fusion-no-small-visibility\"><\/span><h3 class=\"fusion-title-heading title-heading-left\" style=\"margin:0;\"><h3><strong>Aktuelle Beitr\u00e4ge<\/strong><\/h3><\/h3><span class=\"awb-title-spacer\"><\/span><div class=\"title-sep-container title-sep-container-right\"><div class=\"title-sep sep-double sep-solid\" style=\"border-color:#e2e2e2;\"><\/div><\/div><\/div><div class=\"fusion-recent-posts fusion-recent-posts-1 avada-container layout-default layout-columns-3\"><section class=\"fusion-columns columns fusion-columns-3 columns-3\"><article class=\"post fusion-column column col col-lg-4 col-md-4 col-sm-4\"><div class=\"fusion-flexslider fusion-flexslider-loading flexslider flexslider-hover-type-none\"><ul class=\"slides\"><li><a href=\"https:\/\/heimat-kyffhaeuserkreis.de\/index.php\/2025\/sondershausen-futterspende-an-tierheime\/\" aria-label=\"Sondershausen: Futterspende an Tierheime\" class=\"hover-type-none\"><img decoding=\"async\" width=\"600\" height=\"337\" src=\"https:\/\/heimat-kyffhaeuserkreis.de\/wp-content\/uploads\/2025\/01\/SDH-Futterspende-01.jpg\" class=\"attachment-recent-posts size-recent-posts\" alt=\"\" srcset=\"https:\/\/heimat-kyffhaeuserkreis.de\/wp-content\/uploads\/2025\/01\/SDH-Futterspende-01-200x112.jpg 200w, https:\/\/heimat-kyffhaeuserkreis.de\/wp-content\/uploads\/2025\/01\/SDH-Futterspende-01-300x169.jpg 300w, https:\/\/heimat-kyffhaeuserkreis.de\/wp-content\/uploads\/2025\/01\/SDH-Futterspende-01-400x225.jpg 400w, https:\/\/heimat-kyffhaeuserkreis.de\/wp-content\/uploads\/2025\/01\/SDH-Futterspende-01.jpg 600w\" sizes=\"(max-width: 600px) 100vw, 600px\" \/><\/a><\/li><\/ul><\/div><div class=\"recent-posts-content\"><span class=\"vcard\" style=\"display: none;\"><span class=\"fn\"><a href=\"https:\/\/heimat-kyffhaeuserkreis.de\/index.php\/author\/patrick-weber\/\" title=\"Beitr\u00e4ge von patrick.weber\" rel=\"author\">patrick.weber<\/a><\/span><\/span><span class=\"updated\" style=\"display:none;\">2025-01-06T00:54:13+01:00<\/span><h4 class=\"entry-title\"><a href=\"https:\/\/heimat-kyffhaeuserkreis.de\/index.php\/2025\/sondershausen-futterspende-an-tierheime\/\">Sondershausen: Futterspende an Tierheime<\/a><\/h4><p class=\"meta\"><span class=\"vcard\" style=\"display: none;\"><span class=\"fn\"><a href=\"https:\/\/heimat-kyffhaeuserkreis.de\/index.php\/author\/patrick-weber\/\" title=\"Beitr\u00e4ge von patrick.weber\" rel=\"author\">patrick.weber<\/a><\/span><\/span><span class=\"updated\" style=\"display:none;\">2025-01-06T00:54:13+01:00<\/span><span>6. Januar 2025<\/span><span class=\"fusion-inline-sep\">|<\/span><span class=\"fusion-comments\"><a href=\"https:\/\/heimat-kyffhaeuserkreis.de\/index.php\/2025\/sondershausen-futterspende-an-tierheime\/#respond\">0 Kommentare<\/a><\/span><\/p><p>Am Sonntag, den 05. Januar 2024, haben Vertreter der HEIMAT Kyffh\u00e4userkreis und der JN\/Jugendgruppe unseren beiden Sondersh\u00e4user Tierheimen eine gr\u00f6\u00dfere Futterspende vorbeibringen k\u00f6nnen. Dazu sagte der Kreisvorsitzende Patrick Weber: \"Der Tierschutz und das ehrenamtliche Wirken [...]<\/p><\/div><\/article><article class=\"post fusion-column column col col-lg-4 col-md-4 col-sm-4\"><div class=\"fusion-flexslider fusion-flexslider-loading flexslider flexslider-hover-type-none\"><ul class=\"slides\"><li><a href=\"https:\/\/heimat-kyffhaeuserkreis.de\/index.php\/2024\/peter-schreiber-ist-neuer-vorsitzender-der-heimat\/\" aria-label=\"Peter Schreiber ist neuer Vorsitzender der HEIMAT\" class=\"hover-type-none\"><img decoding=\"async\" width=\"700\" height=\"441\" src=\"https:\/\/heimat-kyffhaeuserkreis.de\/wp-content\/uploads\/2024\/11\/titelwowirsind-1-1024x576-1-700x441.png\" class=\"attachment-recent-posts size-recent-posts\" alt=\"\" srcset=\"https:\/\/heimat-kyffhaeuserkreis.de\/wp-content\/uploads\/2024\/11\/titelwowirsind-1-1024x576-1-320x202.png 320w, https:\/\/heimat-kyffhaeuserkreis.de\/wp-content\/uploads\/2024\/11\/titelwowirsind-1-1024x576-1-700x441.png 700w\" sizes=\"(max-width: 700px) 100vw, 700px\" \/><\/a><\/li><\/ul><\/div><div class=\"recent-posts-content\"><span class=\"vcard\" style=\"display: none;\"><span class=\"fn\"><a href=\"https:\/\/heimat-kyffhaeuserkreis.de\/index.php\/author\/patrick-weber\/\" title=\"Beitr\u00e4ge von patrick.weber\" rel=\"author\">patrick.weber<\/a><\/span><\/span><span class=\"updated\" style=\"display:none;\">2024-11-25T22:38:22+01:00<\/span><h4 class=\"entry-title\"><a href=\"https:\/\/heimat-kyffhaeuserkreis.de\/index.php\/2024\/peter-schreiber-ist-neuer-vorsitzender-der-heimat\/\">Peter Schreiber ist neuer Vorsitzender der HEIMAT<\/a><\/h4><p class=\"meta\"><span class=\"vcard\" style=\"display: none;\"><span class=\"fn\"><a href=\"https:\/\/heimat-kyffhaeuserkreis.de\/index.php\/author\/patrick-weber\/\" title=\"Beitr\u00e4ge von patrick.weber\" rel=\"author\">patrick.weber<\/a><\/span><\/span><span class=\"updated\" style=\"display:none;\">2024-11-25T22:38:22+01:00<\/span><span>25. November 2024<\/span><span class=\"fusion-inline-sep\">|<\/span><span class=\"fusion-comments\"><a href=\"https:\/\/heimat-kyffhaeuserkreis.de\/index.php\/2024\/peter-schreiber-ist-neuer-vorsitzender-der-heimat\/#respond\">0 Kommentare<\/a><\/span><\/p><p>Die HEIMAT hat einen neuen Vorsitzenden: Peter Schreiber, 51-j\u00e4hriger Diplom-Finanzwirt und Chefredakteur des Magazins Deutsche Stimme, wurde mit 88,4 Prozent der Delegiertenstimmen zum neuen Vorsitzenden gew\u00e4hlt. Mit ihm an der Spitze setzt die Partei ein [...]<\/p><\/div><\/article><article class=\"post fusion-column column col col-lg-4 col-md-4 col-sm-4\"><div class=\"fusion-flexslider fusion-flexslider-loading flexslider flexslider-hover-type-none\"><ul class=\"slides\"><li><a href=\"https:\/\/heimat-kyffhaeuserkreis.de\/index.php\/2024\/pressemitteilung-generationenwechsel-an-der-spitze-des-heimat-landesverbandes-thueringen\/\" aria-label=\"PRESSEMITTEILUNG: Generationenwechsel an der Spitze des Heimat-Landesverbandes Th\u00fcringen\" class=\"hover-type-none\"><img decoding=\"async\" width=\"700\" height=\"441\" src=\"https:\/\/heimat-kyffhaeuserkreis.de\/wp-content\/uploads\/2024\/09\/lpt24_3-700x441.jpeg\" class=\"attachment-recent-posts size-recent-posts\" alt=\"\" srcset=\"https:\/\/heimat-kyffhaeuserkreis.de\/wp-content\/uploads\/2024\/09\/lpt24_3-e1726494812349-320x202.jpeg 320w, https:\/\/heimat-kyffhaeuserkreis.de\/wp-content\/uploads\/2024\/09\/lpt24_3-700x441.jpeg 700w\" sizes=\"(max-width: 700px) 100vw, 700px\" \/><\/a><\/li><\/ul><\/div><div class=\"recent-posts-content\"><span class=\"vcard\" style=\"display: none;\"><span class=\"fn\"><a href=\"https:\/\/heimat-kyffhaeuserkreis.de\/index.php\/author\/patrick-weber\/\" title=\"Beitr\u00e4ge von patrick.weber\" rel=\"author\">patrick.weber<\/a><\/span><\/span><span class=\"updated\" style=\"display:none;\">2024-09-16T14:53:46+01:00<\/span><h4 class=\"entry-title\"><a href=\"https:\/\/heimat-kyffhaeuserkreis.de\/index.php\/2024\/pressemitteilung-generationenwechsel-an-der-spitze-des-heimat-landesverbandes-thueringen\/\">PRESSEMITTEILUNG: Generationenwechsel an der Spitze des Heimat-Landesverbandes Th\u00fcringen<\/a><\/h4><p class=\"meta\"><span class=\"vcard\" style=\"display: none;\"><span class=\"fn\"><a href=\"https:\/\/heimat-kyffhaeuserkreis.de\/index.php\/author\/patrick-weber\/\" title=\"Beitr\u00e4ge von patrick.weber\" rel=\"author\">patrick.weber<\/a><\/span><\/span><span class=\"updated\" style=\"display:none;\">2024-09-16T14:53:46+01:00<\/span><span>16. September 2024<\/span><span class=\"fusion-inline-sep\">|<\/span><span class=\"fusion-comments\"><a href=\"https:\/\/heimat-kyffhaeuserkreis.de\/index.php\/2024\/pressemitteilung-generationenwechsel-an-der-spitze-des-heimat-landesverbandes-thueringen\/#respond\">0 Kommentare<\/a><\/span><\/p><p>Am vergangenen Sonnabend fand in Eisenach der Landesparteitag der Th\u00fcringer Heimat statt. Hier wurden ein neuer Landesvorstand gew\u00e4hlt und die Aufgaben der kommenden Jahre er\u00f6rtert. Einstimmig wurde der Aktivist der Jugendorganisation Junge Nationalisten, Max-Joseph Matthiess, [...]<\/p><\/div><\/article><article class=\"post fusion-column column col col-lg-4 col-md-4 col-sm-4\"><div class=\"fusion-flexslider fusion-flexslider-loading flexslider flexslider-hover-type-none\"><ul class=\"slides\"><li><a href=\"https:\/\/heimat-kyffhaeuserkreis.de\/index.php\/2024\/wir-kuemmern-uns-um-ihre-anliegen-kontaktieren-sie-uns\/\" aria-label=\"Wir k\u00fcmmern uns um Ihre Anliegen &#8211; Kontaktieren Sie uns!\" class=\"hover-type-none\"><img decoding=\"async\" width=\"700\" height=\"441\" src=\"https:\/\/heimat-kyffhaeuserkreis.de\/wp-content\/uploads\/2024\/08\/avartar-buergerfragestunde-700x441.jpg\" class=\"attachment-recent-posts size-recent-posts\" alt=\"\" srcset=\"https:\/\/heimat-kyffhaeuserkreis.de\/wp-content\/uploads\/2024\/08\/avartar-buergerfragestunde-200x127.jpg 200w, https:\/\/heimat-kyffhaeuserkreis.de\/wp-content\/uploads\/2024\/08\/avartar-buergerfragestunde-300x190.jpg 300w, https:\/\/heimat-kyffhaeuserkreis.de\/wp-content\/uploads\/2024\/08\/avartar-buergerfragestunde-320x202.jpg 320w, https:\/\/heimat-kyffhaeuserkreis.de\/wp-content\/uploads\/2024\/08\/avartar-buergerfragestunde-700x441.jpg 700w\" sizes=\"(max-width: 700px) 100vw, 700px\" \/><\/a><\/li><\/ul><\/div><div class=\"recent-posts-content\"><span class=\"vcard\" style=\"display: none;\"><span class=\"fn\"><a href=\"https:\/\/heimat-kyffhaeuserkreis.de\/index.php\/author\/patrick-weber\/\" title=\"Beitr\u00e4ge von patrick.weber\" rel=\"author\">patrick.weber<\/a><\/span><\/span><span class=\"updated\" style=\"display:none;\">2024-08-15T00:52:59+01:00<\/span><h4 class=\"entry-title\"><a href=\"https:\/\/heimat-kyffhaeuserkreis.de\/index.php\/2024\/wir-kuemmern-uns-um-ihre-anliegen-kontaktieren-sie-uns\/\">Wir k\u00fcmmern uns um Ihre Anliegen &#8211; Kontaktieren Sie uns!<\/a><\/h4><p class=\"meta\"><span class=\"vcard\" style=\"display: none;\"><span class=\"fn\"><a href=\"https:\/\/heimat-kyffhaeuserkreis.de\/index.php\/author\/patrick-weber\/\" title=\"Beitr\u00e4ge von patrick.weber\" rel=\"author\">patrick.weber<\/a><\/span><\/span><span class=\"updated\" style=\"display:none;\">2024-08-15T00:52:59+01:00<\/span><span>15. August 2024<\/span><span class=\"fusion-inline-sep\">|<\/span><span class=\"fusion-comments\"><a href=\"https:\/\/heimat-kyffhaeuserkreis.de\/index.php\/2024\/wir-kuemmern-uns-um-ihre-anliegen-kontaktieren-sie-uns\/#respond\">0 Kommentare<\/a><\/span><\/p><p>Am 15. August 2024 findet in Sondershausen die n\u00e4chste Stadtratssitzung statt und auch hier k\u00f6nnen sich die Sondersh\u00e4user B\u00fcrger gern jederzeit mit ihren Anliegen an uns wenden. Denn wir k\u00fcmmern uns! Egal ob Kritik, Anregungen [...]<\/p><\/div><\/article><article class=\"post fusion-column column col col-lg-4 col-md-4 col-sm-4\"><div class=\"fusion-flexslider fusion-flexslider-loading flexslider flexslider-hover-type-none\"><ul class=\"slides\"><li><a href=\"https:\/\/heimat-kyffhaeuserkreis.de\/index.php\/2024\/der-neue-stadtrat-in-sondershausen-konstituierte-sich\/\" aria-label=\"Der neue Stadtrat in Sondershausen konstituierte sich\" class=\"hover-type-none\"><img decoding=\"async\" width=\"700\" height=\"441\" src=\"https:\/\/heimat-kyffhaeuserkreis.de\/wp-content\/uploads\/2024\/06\/avartar-stadtrat-700x441.jpg\" class=\"attachment-recent-posts size-recent-posts\" alt=\"\" srcset=\"https:\/\/heimat-kyffhaeuserkreis.de\/wp-content\/uploads\/2024\/06\/avartar-stadtrat-200x127.jpg 200w, https:\/\/heimat-kyffhaeuserkreis.de\/wp-content\/uploads\/2024\/06\/avartar-stadtrat-300x190.jpg 300w, https:\/\/heimat-kyffhaeuserkreis.de\/wp-content\/uploads\/2024\/06\/avartar-stadtrat-320x202.jpg 320w, https:\/\/heimat-kyffhaeuserkreis.de\/wp-content\/uploads\/2024\/06\/avartar-stadtrat-700x441.jpg 700w\" sizes=\"(max-width: 700px) 100vw, 700px\" \/><\/a><\/li><\/ul><\/div><div class=\"recent-posts-content\"><span class=\"vcard\" style=\"display: none;\"><span class=\"fn\"><a href=\"https:\/\/heimat-kyffhaeuserkreis.de\/index.php\/author\/patrick-weber\/\" title=\"Beitr\u00e4ge von patrick.weber\" rel=\"author\">patrick.weber<\/a><\/span><\/span><span class=\"updated\" style=\"display:none;\">2024-06-19T01:04:31+01:00<\/span><h4 class=\"entry-title\"><a href=\"https:\/\/heimat-kyffhaeuserkreis.de\/index.php\/2024\/der-neue-stadtrat-in-sondershausen-konstituierte-sich\/\">Der neue Stadtrat in Sondershausen konstituierte sich<\/a><\/h4><p class=\"meta\"><span class=\"vcard\" style=\"display: none;\"><span class=\"fn\"><a href=\"https:\/\/heimat-kyffhaeuserkreis.de\/index.php\/author\/patrick-weber\/\" title=\"Beitr\u00e4ge von patrick.weber\" rel=\"author\">patrick.weber<\/a><\/span><\/span><span class=\"updated\" style=\"display:none;\">2024-06-19T01:04:31+01:00<\/span><span>19. Juni 2024<\/span><span class=\"fusion-inline-sep\">|<\/span><span class=\"fusion-comments\"><a href=\"https:\/\/heimat-kyffhaeuserkreis.de\/index.php\/2024\/der-neue-stadtrat-in-sondershausen-konstituierte-sich\/#respond\">0 Kommentare<\/a><\/span><\/p><p>Am Dienstag, den 18. Juni, trat zum ersten Mal der neu gew\u00e4hlte Stadtrat zusammen und hat sich konstituiert. So wurde \u00fcber die Gesch\u00e4ftsordnung abgestimmt, die Beigeordneten und der Stadtratsvorsitzende gew\u00e4hlt sowie die Aussch\u00fcsse besetzt. Patrick [...]<\/p><\/div><\/article><article class=\"post fusion-column column col col-lg-4 col-md-4 col-sm-4\"><div class=\"fusion-flexslider fusion-flexslider-loading flexslider flexslider-hover-type-none\"><ul class=\"slides\"><li><a href=\"https:\/\/heimat-kyffhaeuserkreis.de\/index.php\/2024\/wir-bedanken-uns-an-dieser-stelle-bei-allen-die-uns-ihre-stimme-gegeben-haben-und-einen-echten-politikwechsel-wollten-zwar-konnten-wir-unsere-sitze-im-kreistag-und-in-den-stadtraeten-von-artern-eb\/\" aria-label=\"Danke f\u00fcr Ihre Stimmen!\" class=\"hover-type-none\"><img decoding=\"async\" width=\"700\" height=\"441\" src=\"https:\/\/heimat-kyffhaeuserkreis.de\/wp-content\/uploads\/2024\/06\/445046193_784664013807019_6678440083719881059_n-700x441.jpg\" class=\"attachment-recent-posts size-recent-posts\" alt=\"\" srcset=\"https:\/\/heimat-kyffhaeuserkreis.de\/wp-content\/uploads\/2024\/06\/445046193_784664013807019_6678440083719881059_n-320x202.jpg 320w, https:\/\/heimat-kyffhaeuserkreis.de\/wp-content\/uploads\/2024\/06\/445046193_784664013807019_6678440083719881059_n-700x441.jpg 700w\" sizes=\"(max-width: 700px) 100vw, 700px\" \/><\/a><\/li><\/ul><\/div><div class=\"recent-posts-content\"><span class=\"vcard\" style=\"display: none;\"><span class=\"fn\"><a href=\"https:\/\/heimat-kyffhaeuserkreis.de\/index.php\/author\/patrick-weber\/\" title=\"Beitr\u00e4ge von patrick.weber\" rel=\"author\">patrick.weber<\/a><\/span><\/span><span class=\"updated\" style=\"display:none;\">2024-06-03T20:15:18+01:00<\/span><h4 class=\"entry-title\"><a href=\"https:\/\/heimat-kyffhaeuserkreis.de\/index.php\/2024\/wir-bedanken-uns-an-dieser-stelle-bei-allen-die-uns-ihre-stimme-gegeben-haben-und-einen-echten-politikwechsel-wollten-zwar-konnten-wir-unsere-sitze-im-kreistag-und-in-den-stadtraeten-von-artern-eb\/\">Danke f\u00fcr Ihre Stimmen!<\/a><\/h4><p class=\"meta\"><span class=\"vcard\" style=\"display: none;\"><span class=\"fn\"><a href=\"https:\/\/heimat-kyffhaeuserkreis.de\/index.php\/author\/patrick-weber\/\" title=\"Beitr\u00e4ge von patrick.weber\" rel=\"author\">patrick.weber<\/a><\/span><\/span><span class=\"updated\" style=\"display:none;\">2024-06-03T20:15:18+01:00<\/span><span>3. Juni 2024<\/span><span class=\"fusion-inline-sep\">|<\/span><span class=\"fusion-comments\"><a href=\"https:\/\/heimat-kyffhaeuserkreis.de\/index.php\/2024\/wir-bedanken-uns-an-dieser-stelle-bei-allen-die-uns-ihre-stimme-gegeben-haben-und-einen-echten-politikwechsel-wollten-zwar-konnten-wir-unsere-sitze-im-kreistag-und-in-den-stadtraeten-von-artern-eb\/#respond\">0 Kommentare<\/a><\/span><\/p><p>Wir bedanken uns an dieser Stelle bei allen, die uns ihre Stimme gegeben haben und einen echten Politikwechsel wollten. Zwar konnten wir unsere Sitze im Kreistag und in den Stadtr\u00e4ten von Artern, Ebeleben und Sondershausen [...]<\/p><\/div><\/article><article class=\"post fusion-column column col col-lg-4 col-md-4 col-sm-4\"><div class=\"fusion-flexslider fusion-flexslider-loading flexslider flexslider-hover-type-none\"><ul class=\"slides\"><li><a href=\"https:\/\/heimat-kyffhaeuserkreis.de\/index.php\/2024\/einladung-zum-buergerdialog-beim-infostand-in-sondershausen\/\" aria-label=\"Einladung zum B\u00fcrgerdialog beim Infostand in Sondershausen\" class=\"hover-type-none\"><img decoding=\"async\" width=\"700\" height=\"441\" src=\"https:\/\/heimat-kyffhaeuserkreis.de\/wp-content\/uploads\/2024\/05\/FB-Infostand1-700x441.jpg\" class=\"attachment-recent-posts size-recent-posts\" alt=\"\" srcset=\"https:\/\/heimat-kyffhaeuserkreis.de\/wp-content\/uploads\/2024\/05\/FB-Infostand1-320x202.jpg 320w, https:\/\/heimat-kyffhaeuserkreis.de\/wp-content\/uploads\/2024\/05\/FB-Infostand1-700x441.jpg 700w\" sizes=\"(max-width: 700px) 100vw, 700px\" \/><\/a><\/li><\/ul><\/div><div class=\"recent-posts-content\"><span class=\"vcard\" style=\"display: none;\"><span class=\"fn\"><a href=\"https:\/\/heimat-kyffhaeuserkreis.de\/index.php\/author\/patrick-weber\/\" title=\"Beitr\u00e4ge von patrick.weber\" rel=\"author\">patrick.weber<\/a><\/span><\/span><span class=\"updated\" style=\"display:none;\">2024-05-23T23:40:44+01:00<\/span><h4 class=\"entry-title\"><a href=\"https:\/\/heimat-kyffhaeuserkreis.de\/index.php\/2024\/einladung-zum-buergerdialog-beim-infostand-in-sondershausen\/\">Einladung zum B\u00fcrgerdialog beim Infostand in Sondershausen<\/a><\/h4><p class=\"meta\"><span class=\"vcard\" style=\"display: none;\"><span class=\"fn\"><a href=\"https:\/\/heimat-kyffhaeuserkreis.de\/index.php\/author\/patrick-weber\/\" title=\"Beitr\u00e4ge von patrick.weber\" rel=\"author\">patrick.weber<\/a><\/span><\/span><span class=\"updated\" style=\"display:none;\">2024-05-23T23:40:44+01:00<\/span><span>23. Mai 2024<\/span><span class=\"fusion-inline-sep\">|<\/span><span class=\"fusion-comments\"><a href=\"https:\/\/heimat-kyffhaeuserkreis.de\/index.php\/2024\/einladung-zum-buergerdialog-beim-infostand-in-sondershausen\/#respond\">0 Kommentare<\/a><\/span><\/p><p>Es ist der letzte Infostand vor der Wahl. Dazu laden wir alle B\u00fcrger auf dem Sondersh\u00e4user Marktplatz ein, um mit uns den Dialog zu f\u00fchren und sich \u00fcber unsere Ziele zu informieren. Nat\u00fcrlich wie immer [...]<\/p><\/div><\/article><article class=\"post fusion-column column col col-lg-4 col-md-4 col-sm-4\"><div class=\"fusion-flexslider fusion-flexslider-loading flexslider flexslider-hover-type-none\"><ul class=\"slides\"><li><a href=\"https:\/\/heimat-kyffhaeuserkreis.de\/index.php\/2024\/unser-kandidat-zur-ortsteilratswahl-in-berka-steffen-zoege\/\" aria-label=\"Unser Kandidat zur Ortsteilratswahl in Berka: Steffen Z\u00f6ge\" class=\"hover-type-none\"><img decoding=\"async\" width=\"700\" height=\"441\" src=\"https:\/\/heimat-kyffhaeuserkreis.de\/wp-content\/uploads\/2024\/05\/Berka-Front-700x441.jpg\" class=\"attachment-recent-posts size-recent-posts\" alt=\"\" srcset=\"https:\/\/heimat-kyffhaeuserkreis.de\/wp-content\/uploads\/2024\/05\/Berka-Front-320x202.jpg 320w, https:\/\/heimat-kyffhaeuserkreis.de\/wp-content\/uploads\/2024\/05\/Berka-Front-700x441.jpg 700w\" sizes=\"(max-width: 700px) 100vw, 700px\" \/><\/a><\/li><\/ul><\/div><div class=\"recent-posts-content\"><span class=\"vcard\" style=\"display: none;\"><span class=\"fn\"><a href=\"https:\/\/heimat-kyffhaeuserkreis.de\/index.php\/author\/patrick-weber\/\" title=\"Beitr\u00e4ge von patrick.weber\" rel=\"author\">patrick.weber<\/a><\/span><\/span><span class=\"updated\" style=\"display:none;\">2024-05-19T21:17:52+01:00<\/span><h4 class=\"entry-title\"><a href=\"https:\/\/heimat-kyffhaeuserkreis.de\/index.php\/2024\/unser-kandidat-zur-ortsteilratswahl-in-berka-steffen-zoege\/\">Unser Kandidat zur Ortsteilratswahl in Berka: Steffen Z\u00f6ge<\/a><\/h4><p class=\"meta\"><span class=\"vcard\" style=\"display: none;\"><span class=\"fn\"><a href=\"https:\/\/heimat-kyffhaeuserkreis.de\/index.php\/author\/patrick-weber\/\" title=\"Beitr\u00e4ge von patrick.weber\" rel=\"author\">patrick.weber<\/a><\/span><\/span><span class=\"updated\" style=\"display:none;\">2024-05-19T21:17:52+01:00<\/span><span>19. Mai 2024<\/span><span class=\"fusion-inline-sep\">|<\/span><span class=\"fusion-comments\"><a href=\"https:\/\/heimat-kyffhaeuserkreis.de\/index.php\/2024\/unser-kandidat-zur-ortsteilratswahl-in-berka-steffen-zoege\/#respond\">0 Kommentare<\/a><\/span><\/p><p>STEFFEN Z\u00d6GE K\u00fcchen- und M\u00f6belmonteur | Jahrgang 1987 | 2 Kinder | verheiratet Steffen Z\u00f6ge wohnt seit vielen Jahren in Berka, ein Ort, der ihm ans Herz gewachsen ist. Er ist seitdem dort fester Bestandteil [...]<\/p><\/div><\/article><\/section><\/div><\/div><\/div><\/div><\/div>\n","protected":false},"excerpt":{"rendered":"","protected":false},"author":4,"featured_media":0,"parent":0,"menu_order":0,"comment_status":"closed","ping_status":"closed","template":"","meta":{"footnotes":""},"class_list":["post-394","page","type-page","status-publish","hentry"],"_links":{"self":[{"href":"https:\/\/heimat-kyffhaeuserkreis.de\/index.php\/wp-json\/wp\/v2\/pages\/394","targetHints":{"allow":["GET"]}}],"collection":[{"href":"https:\/\/heimat-kyffhaeuserkreis.de\/index.php\/wp-json\/wp\/v2\/pages"}],"about":[{"href":"https:\/\/heimat-kyffhaeuserkreis.de\/index.php\/wp-json\/wp\/v2\/types\/page"}],"author":[{"embeddable":true,"href":"https:\/\/heimat-kyffhaeuserkreis.de\/index.php\/wp-json\/wp\/v2\/users\/4"}],"replies":[{"embeddable":true,"href":"https:\/\/heimat-kyffhaeuserkreis.de\/index.php\/wp-json\/wp\/v2\/comments?post=394"}],"version-history":[{"count":13,"href":"https:\/\/heimat-kyffhaeuserkreis.de\/index.php\/wp-json\/wp\/v2\/pages\/394\/revisions"}],"predecessor-version":[{"id":414,"href":"https:\/\/heimat-kyffhaeuserkreis.de\/index.php\/wp-json\/wp\/v2\/pages\/394\/revisions\/414"}],"wp:attachment":[{"href":"https:\/\/heimat-kyffhaeuserkreis.de\/index.php\/wp-json\/wp\/v2\/media?parent=394"}],"curies":[{"name":"wp","href":"https:\/\/api.w.org\/{rel}","templated":true}]}}