{"id":375,"date":"2024-03-28T21:02:28","date_gmt":"2024-03-28T20:02:28","guid":{"rendered":"https:\/\/heimat-kyffhaeuserkreis.de\/?page_id=375"},"modified":"2024-05-18T11:22:21","modified_gmt":"2024-05-18T10:22:21","slug":"unsere-kandidat-zur-ortsteilratswahl-in-schernberg","status":"publish","type":"page","link":"https:\/\/heimat-kyffhaeuserkreis.de\/index.php\/unsere-kandidat-zur-ortsteilratswahl-in-schernberg\/","title":{"rendered":"Unser Kandidat zur Ortsteilratswahl in Schernberg"},"content":{"rendered":"<div class=\"fusion-fullwidth fullwidth-box fusion-builder-row-1 fusion-flex-container has-pattern-background has-mask-background nonhundred-percent-fullwidth non-hundred-percent-height-scrolling\" style=\"--awb-border-radius-top-left:0px;--awb-border-radius-top-right:0px;--awb-border-radius-bottom-right:0px;--awb-border-radius-bottom-left:0px;--awb-flex-wrap:wrap;\" ><div class=\"fusion-builder-row fusion-row fusion-flex-align-items-flex-start fusion-flex-content-wrap\" style=\"max-width:1248px;margin-left: calc(-4% \/ 2 );margin-right: calc(-4% \/ 2 );\"><div class=\"fusion-layout-column fusion_builder_column fusion-builder-column-0 fusion_builder_column_1_3 1_3 fusion-flex-column\" style=\"--awb-bg-size:cover;--awb-width-large:33.333333333333%;--awb-margin-top-large:0px;--awb-spacing-right-large:5.76%;--awb-margin-bottom-large:20px;--awb-spacing-left-large:5.76%;--awb-width-medium:33.333333333333%;--awb-order-medium:0;--awb-spacing-right-medium:5.76%;--awb-spacing-left-medium:5.76%;--awb-width-small:100%;--awb-order-small:0;--awb-spacing-right-small:1.92%;--awb-spacing-left-small:1.92%;\"><div class=\"fusion-column-wrapper fusion-column-has-shadow fusion-flex-justify-content-flex-start fusion-content-layout-column\"><div class=\"fusion-image-element \" style=\"--awb-mask-url: url(https:\/\/heimat-kyffhaeuserkreis.de\/wp-content\/plugins\/fusion-builder\/\/assets\/images\/masks\/mask-17.svg);--awb-margin-right:15%;--awb-margin-left:15%;--awb-caption-title-font-family:var(--h2_typography-font-family);--awb-caption-title-font-weight:var(--h2_typography-font-weight);--awb-caption-title-font-style:var(--h2_typography-font-style);--awb-caption-title-size:var(--h2_typography-font-size);--awb-caption-title-transform:var(--h2_typography-text-transform);--awb-caption-title-line-height:var(--h2_typography-line-height);--awb-caption-title-letter-spacing:var(--h2_typography-letter-spacing);\"><span class=\" fusion-imageframe imageframe-none imageframe-1 hover-type-zoomin has-mask\"><img decoding=\"async\" width=\"400\" height=\"344\" title=\"kuenne-400&#215;344\" src=\"https:\/\/heimat-kyffhaeuserkreis.de\/wp-content\/uploads\/2024\/03\/kuenne-400x344-1.jpg\" alt class=\"img-responsive wp-image-306\" srcset=\"https:\/\/heimat-kyffhaeuserkreis.de\/wp-content\/uploads\/2024\/03\/kuenne-400x344-1-200x172.jpg 200w, https:\/\/heimat-kyffhaeuserkreis.de\/wp-content\/uploads\/2024\/03\/kuenne-400x344-1.jpg 400w\" sizes=\"(max-width: 640px) 100vw, 400px\" \/><\/span><\/div><\/div><\/div><div class=\"fusion-layout-column fusion_builder_column fusion-builder-column-1 fusion_builder_column_2_3 2_3 fusion-flex-column\" style=\"--awb-bg-size:cover;--awb-width-large:66.666666666667%;--awb-margin-top-large:0px;--awb-spacing-right-large:2.88%;--awb-margin-bottom-large:20px;--awb-spacing-left-large:2.88%;--awb-width-medium:66.666666666667%;--awb-order-medium:0;--awb-spacing-right-medium:2.88%;--awb-spacing-left-medium:2.88%;--awb-width-small:100%;--awb-order-small:0;--awb-spacing-right-small:1.92%;--awb-spacing-left-small:1.92%;\"><div class=\"fusion-column-wrapper fusion-column-has-shadow fusion-flex-justify-content-flex-start fusion-content-layout-column\"><div class=\"fusion-title title fusion-title-1 fusion-title-text fusion-title-size-one\"><div class=\"title-sep-container title-sep-container-left fusion-no-large-visibility fusion-no-medium-visibility fusion-no-small-visibility\"><div class=\"title-sep sep-double sep-solid\" style=\"border-color:#e2e2e2;\"><\/div><\/div><span class=\"awb-title-spacer fusion-no-large-visibility fusion-no-medium-visibility fusion-no-small-visibility\"><\/span><h1 class=\"fusion-title-heading title-heading-left\" style=\"margin:0;\">DUSTIN K\u00dcNNE<\/h1><span class=\"awb-title-spacer\"><\/span><div class=\"title-sep-container title-sep-container-right\"><div class=\"title-sep sep-double sep-solid\" style=\"border-color:#e2e2e2;\"><\/div><\/div><\/div><div class=\"fusion-text fusion-text-1\"><p>Unternehmer | Jahrgang 1991 | 3 Kinder<\/p>\n<p>Dustin K\u00fcnne ist selbstst\u00e4ndiger Fitness-Coach und lebt mit seiner Familie in seiner Heimat Schernberg. Er setzt sich vor allem daf\u00fcr ein, dass Kinder und Jugendliche ihre Heimat auch als lebenswert empfinden. Daf\u00fcr m\u00fcssen \u00fcberall, auch in den Ortsteilen, Freizeitangebote geschaffen und ausgebaut werden. Er m\u00f6chte sich au\u00dferdem daf\u00fcr einsetzen, das in Zukunft ein B\u00fcrgerhaushalt unter Einbeziehung von Vereinen, Verb\u00e4nden, der Ortsteile und sachkundiger B\u00fcrger entsteht. Er sieht das B\u00fcrgerbudget als einen Schritt in die richtige Richtung und w\u00fcrde das Ganze gern ausbauen. Er m\u00f6chte sich auch daf\u00fcr stark machen, das Schernberg finanziell besser ausgestattet wird, um das Dorf weiterentwickeln zu k\u00f6nnen.<\/p>\n<p><strong>SEINE ZIELE:<\/strong><\/p>\n<p><strong>Dauerhafte Schlie\u00dfung der alten Schule als Unterkunft f\u00fcr Asylbewerber!<\/strong><\/p>\n<p>Keine weitere Unterbringung von Asylbewerbern in Schernberg. Unser sch\u00f6ner Ort musste schon genug erdulden. Angesichts nicht abrei\u00dfender Einwanderung von Wirtschaftsfl\u00fcchtlingen aus aller Welt, droht die Gefahr einer weiteren, massiven Belegung der Schule. Die Probleme aus der Vergangenheit sollen unseren Dorfbewohner zuk\u00fcnftig erspart bleiben.<\/p>\n<p><strong>Bessere Unterst\u00fctzung durch die Stadt &#8211; Schernberg attraktiv halten!<\/strong><\/p>\n<p>Die Ortsteile, also auch Schernberg, d\u00fcrfen nicht schlechter gestellt sein wie unsere Kernstadt. Vor allem eine bessere Infrastruktur muss her und eine dauerhafte Grundversorgung muss sichergestellt werden. Es m\u00fcssen auch Freizeitm\u00f6glichkeiten, ein ordentlicher Spielplatz und ein Dorfgemeinschaftshaus bleiben. Wir brauchen von der Stadt mehr finanzielle Mittel, \u00fcber die das Dorf selbst entscheiden kann.<\/p>\n<p><strong>Gemeinschaft f\u00f6rdern &#8211; Vereine und Feuerwehren st\u00e4rken!<\/strong><\/p>\n<p>Gemeinschaft verbindet Menschen. Das wird gerade durch Vereine und Feuerwehren gut ausgepr\u00e4gt. Daher m\u00fcssen wir unsere Wehren und Vereine besser ausstatten, die F\u00f6rdert\u00f6pfe ausbauen und auch sonst unterst\u00fctzen wo es nur geht. Auch f\u00fcr Kinder muss ein gutes Angebot vor Ort vorhanden sein.<\/p>\n<\/div><\/div><\/div><\/div><\/div>\n","protected":false},"excerpt":{"rendered":"","protected":false},"author":3,"featured_media":0,"parent":0,"menu_order":0,"comment_status":"closed","ping_status":"closed","template":"","meta":{"footnotes":""},"class_list":["post-375","page","type-page","status-publish","hentry"],"_links":{"self":[{"href":"https:\/\/heimat-kyffhaeuserkreis.de\/index.php\/wp-json\/wp\/v2\/pages\/375","targetHints":{"allow":["GET"]}}],"collection":[{"href":"https:\/\/heimat-kyffhaeuserkreis.de\/index.php\/wp-json\/wp\/v2\/pages"}],"about":[{"href":"https:\/\/heimat-kyffhaeuserkreis.de\/index.php\/wp-json\/wp\/v2\/types\/page"}],"author":[{"embeddable":true,"href":"https:\/\/heimat-kyffhaeuserkreis.de\/index.php\/wp-json\/wp\/v2\/users\/3"}],"replies":[{"embeddable":true,"href":"https:\/\/heimat-kyffhaeuserkreis.de\/index.php\/wp-json\/wp\/v2\/comments?post=375"}],"version-history":[{"count":5,"href":"https:\/\/heimat-kyffhaeuserkreis.de\/index.php\/wp-json\/wp\/v2\/pages\/375\/revisions"}],"predecessor-version":[{"id":547,"href":"https:\/\/heimat-kyffhaeuserkreis.de\/index.php\/wp-json\/wp\/v2\/pages\/375\/revisions\/547"}],"wp:attachment":[{"href":"https:\/\/heimat-kyffhaeuserkreis.de\/index.php\/wp-json\/wp\/v2\/media?parent=375"}],"curies":[{"name":"wp","href":"https:\/\/api.w.org\/{rel}","templated":true}]}}